{"id":2793,"date":"2021-11-12T11:54:44","date_gmt":"2021-11-12T10:54:44","guid":{"rendered":"https:\/\/golfterramar.com\/tarifas\/sustainability\/"},"modified":"2022-11-23T09:43:22","modified_gmt":"2022-11-23T08:43:22","slug":"sostenibilitat","status":"publish","type":"page","link":"https:\/\/golfterramar.com\/ca\/club\/sostenibilitat\/","title":{"rendered":"Sostenibilitat"},"content":{"rendered":"<p>Sitges \u00e9s present dins de la comunitat de destinacions\u00a0<span class=\"hiddenSpellError\">Biosphere<\/span>. A\u00a0<span class=\"hiddenSpellError\">Terramar<\/span>\u00a0ens hem volgut unir a aquesta iniciativa.<\/p>\n<p>Som conscients de la import\u00e0ncia de mantenir un desenvolupament tur\u00edstic sostenible assumint els compromisos de millora\u00a0cont\u00ednua\u00a0en tots els \u00e0mbits de la sostenibilitat.<\/p>\n<p>Hem incorporat una pol\u00edtica de turisme responsable, consulteu <a href=\"https:\/\/golfterramar.com\/wp-content\/uploads\/2022\/11\/2022-cat-COMPROMIS-POLITICA-DE-TURISME-RESPONSABLE_signed.pdf\" target=\"_blank\" rel=\"noopener\">aqu\u00ed.<\/a><\/p>\n","protected":false},"excerpt":{"rendered":"<p>Sitges \u00e9s present dins de la comunitat de destinacions\u00a0Biosphere. A\u00a0Terramar\u00a0ens hem volgut unir a aquesta iniciativa. Som conscients de la import\u00e0ncia de mantenir un desenvolupament tur\u00edstic sostenible assumint els compromisos de millora\u00a0cont\u00ednua\u00a0en tots els \u00e0mbits de la sostenibilitat. Hem incorporat una pol\u00edtica de turisme responsable, consulteu aqu\u00ed.<\/p>\n","protected":false},"author":2,"featured_media":0,"parent":239,"menu_order":0,"comment_status":"closed","ping_status":"closed","template":"page-templates\/sostenibilidad.php","meta":{"_acf_changed":false,"footnotes":""},"class_list":["post-2793","page","type-page","status-publish","hentry"],"acf":[],"yoast_head":"<!-- This site is optimized with the Yoast SEO plugin v24.9 - https:\/\/yoast.com\/wordpress\/plugins\/seo\/ -->\n<title>Sostenibilitat - Golf Terramar<\/title>\n<meta name=\"robots\" content=\"index, follow, max-snippet:-1, max-image-preview:large, max-video-preview:-1\" \/>\n<link rel=\"canonical\" href=\"https:\/\/golfterramar.com\/ca\/club\/sostenibilitat\/\" \/>\n<meta property=\"og:locale\" content=\"ca_ES\" \/>\n<meta property=\"og:type\" content=\"article\" \/>\n<meta property=\"og:title\" content=\"Sostenibilitat - Golf Terramar\" \/>\n<meta property=\"og:description\" content=\"Sitges \u00e9s present dins de la comunitat de destinacions\u00a0Biosphere. A\u00a0Terramar\u00a0ens hem volgut unir a aquesta iniciativa. Som conscients de la import\u00e0ncia de mantenir un desenvolupament tur\u00edstic sostenible assumint els compromisos de millora\u00a0cont\u00ednua\u00a0en tots els \u00e0mbits de la sostenibilitat. Hem incorporat una pol\u00edtica de turisme responsable, consulteu aqu\u00ed.\" \/>\n<meta property=\"og:url\" content=\"https:\/\/golfterramar.com\/ca\/club\/sostenibilitat\/\" \/>\n<meta property=\"og:site_name\" content=\"Golf Terramar\" \/>\n<meta property=\"article:modified_time\" content=\"2022-11-23T08:43:22+00:00\" \/>\n<meta name=\"twitter:card\" content=\"summary_large_image\" \/>\n<meta name=\"twitter:label1\" content=\"Temps estimat de lectura\" \/>\n\t<meta name=\"twitter:data1\" content=\"1 minut\" \/>\n<script type=\"application\/ld+json\" class=\"yoast-schema-graph\">{\"@context\":\"https:\/\/schema.org\",\"@graph\":[{\"@type\":\"WebPage\",\"@id\":\"https:\/\/golfterramar.com\/ca\/club\/sostenibilitat\/\",\"url\":\"https:\/\/golfterramar.com\/ca\/club\/sostenibilitat\/\",\"name\":\"Sostenibilitat - Golf Terramar\",\"isPartOf\":{\"@id\":\"https:\/\/golfterramar.com\/ca\/#website\"},\"datePublished\":\"2021-11-12T10:54:44+00:00\",\"dateModified\":\"2022-11-23T08:43:22+00:00\",\"breadcrumb\":{\"@id\":\"https:\/\/golfterramar.com\/ca\/club\/sostenibilitat\/#breadcrumb\"},\"inLanguage\":\"ca\",\"potentialAction\":[{\"@type\":\"ReadAction\",\"target\":[\"https:\/\/golfterramar.com\/ca\/club\/sostenibilitat\/\"]}]},{\"@type\":\"BreadcrumbList\",\"@id\":\"https:\/\/golfterramar.com\/ca\/club\/sostenibilitat\/#breadcrumb\",\"itemListElement\":[{\"@type\":\"ListItem\",\"position\":1,\"name\":\"Portada\",\"item\":\"https:\/\/golfterramar.com\/ca\/\"},{\"@type\":\"ListItem\",\"position\":2,\"name\":\"Club\",\"item\":\"https:\/\/golfterramar.com\/ca\/club\/\"},{\"@type\":\"ListItem\",\"position\":3,\"name\":\"Sostenibilitat\"}]},{\"@type\":\"WebSite\",\"@id\":\"https:\/\/golfterramar.com\/ca\/#website\",\"url\":\"https:\/\/golfterramar.com\/ca\/\",\"name\":\"Golf Terramar\",\"description\":\"\",\"potentialAction\":[{\"@type\":\"SearchAction\",\"target\":{\"@type\":\"EntryPoint\",\"urlTemplate\":\"https:\/\/golfterramar.com\/ca\/?s={search_term_string}\"},\"query-input\":{\"@type\":\"PropertyValueSpecification\",\"valueRequired\":true,\"valueName\":\"search_term_string\"}}],\"inLanguage\":\"ca\"}]}<\/script>\n<!-- \/ Yoast SEO plugin. -->","yoast_head_json":{"title":"Sostenibilitat - Golf Terramar","robots":{"index":"index","follow":"follow","max-snippet":"max-snippet:-1","max-image-preview":"max-image-preview:large","max-video-preview":"max-video-preview:-1"},"canonical":"https:\/\/golfterramar.com\/ca\/club\/sostenibilitat\/","og_locale":"ca_ES","og_type":"article","og_title":"Sostenibilitat - Golf Terramar","og_description":"Sitges \u00e9s present dins de la comunitat de destinacions\u00a0Biosphere. A\u00a0Terramar\u00a0ens hem volgut unir a aquesta iniciativa. Som conscients de la import\u00e0ncia de mantenir un desenvolupament tur\u00edstic sostenible assumint els compromisos de millora\u00a0cont\u00ednua\u00a0en tots els \u00e0mbits de la sostenibilitat. Hem incorporat una pol\u00edtica de turisme responsable, consulteu aqu\u00ed.","og_url":"https:\/\/golfterramar.com\/ca\/club\/sostenibilitat\/","og_site_name":"Golf Terramar","article_modified_time":"2022-11-23T08:43:22+00:00","twitter_card":"summary_large_image","twitter_misc":{"Temps estimat de lectura":"1 minut"},"schema":{"@context":"https:\/\/schema.org","@graph":[{"@type":"WebPage","@id":"https:\/\/golfterramar.com\/ca\/club\/sostenibilitat\/","url":"https:\/\/golfterramar.com\/ca\/club\/sostenibilitat\/","name":"Sostenibilitat - Golf Terramar","isPartOf":{"@id":"https:\/\/golfterramar.com\/ca\/#website"},"datePublished":"2021-11-12T10:54:44+00:00","dateModified":"2022-11-23T08:43:22+00:00","breadcrumb":{"@id":"https:\/\/golfterramar.com\/ca\/club\/sostenibilitat\/#breadcrumb"},"inLanguage":"ca","potentialAction":[{"@type":"ReadAction","target":["https:\/\/golfterramar.com\/ca\/club\/sostenibilitat\/"]}]},{"@type":"BreadcrumbList","@id":"https:\/\/golfterramar.com\/ca\/club\/sostenibilitat\/#breadcrumb","itemListElement":[{"@type":"ListItem","position":1,"name":"Portada","item":"https:\/\/golfterramar.com\/ca\/"},{"@type":"ListItem","position":2,"name":"Club","item":"https:\/\/golfterramar.com\/ca\/club\/"},{"@type":"ListItem","position":3,"name":"Sostenibilitat"}]},{"@type":"WebSite","@id":"https:\/\/golfterramar.com\/ca\/#website","url":"https:\/\/golfterramar.com\/ca\/","name":"Golf Terramar","description":"","potentialAction":[{"@type":"SearchAction","target":{"@type":"EntryPoint","urlTemplate":"https:\/\/golfterramar.com\/ca\/?s={search_term_string}"},"query-input":{"@type":"PropertyValueSpecification","valueRequired":true,"valueName":"search_term_string"}}],"inLanguage":"ca"}]}},"_links":{"self":[{"href":"https:\/\/golfterramar.com\/ca\/wp-json\/wp\/v2\/pages\/2793","targetHints":{"allow":["GET"]}}],"collection":[{"href":"https:\/\/golfterramar.com\/ca\/wp-json\/wp\/v2\/pages"}],"about":[{"href":"https:\/\/golfterramar.com\/ca\/wp-json\/wp\/v2\/types\/page"}],"author":[{"embeddable":true,"href":"https:\/\/golfterramar.com\/ca\/wp-json\/wp\/v2\/users\/2"}],"replies":[{"embeddable":true,"href":"https:\/\/golfterramar.com\/ca\/wp-json\/wp\/v2\/comments?post=2793"}],"version-history":[{"count":8,"href":"https:\/\/golfterramar.com\/ca\/wp-json\/wp\/v2\/pages\/2793\/revisions"}],"predecessor-version":[{"id":5614,"href":"https:\/\/golfterramar.com\/ca\/wp-json\/wp\/v2\/pages\/2793\/revisions\/5614"}],"up":[{"embeddable":true,"href":"https:\/\/golfterramar.com\/ca\/wp-json\/wp\/v2\/pages\/239"}],"wp:attachment":[{"href":"https:\/\/golfterramar.com\/ca\/wp-json\/wp\/v2\/media?parent=2793"}],"curies":[{"name":"wp","href":"https:\/\/api.w.org\/{rel}","templated":true}]}}