{"id":2797,"date":"2022-02-15T09:33:56","date_gmt":"2022-02-15T08:33:56","guid":{"rendered":"https:\/\/golfterramar.com\/club\/gramen-restaurant\/"},"modified":"2024-04-10T11:47:12","modified_gmt":"2024-04-10T10:47:12","slug":"gramen-restaurant","status":"publish","type":"page","link":"https:\/\/golfterramar.com\/ca\/club\/gramen-restaurant\/","title":{"rendered":"Gramen Restaurant"},"content":{"rendered":"<p>Des de 2006 Gramen Restaurant es distingeix per la seva dedicaci\u00f3 a cadascun dels esdeveniments que realitza. Ofereix una m\u00e0xima qualitat en les mat\u00e8ries primeres emprades en tots els seus productes i un mim exclusiu per assolir la m\u00e0xima satisfacci\u00f3 de tots i cadascun dels seus clients.<\/p>\n<p>El nostre servei va dirigit tant a esdeveniments privats com a empreses. Ens distingim pel nostre tracte directe i exclusiu, de la m\u00e0 d&#8217;\u00c1lvaro Carro, que juntament amb la resta de l&#8217;equip de professionals, comparteixen il\u00b7lusi\u00f3, ganes i dedicaci\u00f3 per satisfer totes les necessitats.<\/p>\n","protected":false},"excerpt":{"rendered":"<p>Des de 2006 Gramen Restaurant es distingeix per la seva dedicaci\u00f3 a cadascun dels esdeveniments que realitza. Ofereix una m\u00e0xima qualitat en les mat\u00e8ries primeres emprades en tots els seus productes i un mim exclusiu per assolir la m\u00e0xima satisfacci\u00f3 de tots i cadascun dels seus clients. El nostre servei va dirigit tant a esdeveniments [&hellip;]<\/p>\n","protected":false},"author":2,"featured_media":0,"parent":239,"menu_order":0,"comment_status":"closed","ping_status":"closed","template":"page-templates\/sostenibilidad.php","meta":{"_acf_changed":false,"footnotes":""},"class_list":["post-2797","page","type-page","status-publish","hentry"],"acf":[],"yoast_head":"<!-- This site is optimized with the Yoast SEO plugin v24.9 - https:\/\/yoast.com\/wordpress\/plugins\/seo\/ -->\n<title>Gramen Restaurant - Golf Terramar<\/title>\n<meta name=\"robots\" content=\"index, follow, max-snippet:-1, max-image-preview:large, max-video-preview:-1\" \/>\n<link rel=\"canonical\" href=\"https:\/\/golfterramar.com\/ca\/club\/gramen-restaurant\/\" \/>\n<meta property=\"og:locale\" content=\"ca_ES\" \/>\n<meta property=\"og:type\" content=\"article\" \/>\n<meta property=\"og:title\" content=\"Gramen Restaurant - Golf Terramar\" \/>\n<meta property=\"og:description\" content=\"Des de 2006 Gramen Restaurant es distingeix per la seva dedicaci\u00f3 a cadascun dels esdeveniments que realitza. Ofereix una m\u00e0xima qualitat en les mat\u00e8ries primeres emprades en tots els seus productes i un mim exclusiu per assolir la m\u00e0xima satisfacci\u00f3 de tots i cadascun dels seus clients. El nostre servei va dirigit tant a esdeveniments [&hellip;]\" \/>\n<meta property=\"og:url\" content=\"https:\/\/golfterramar.com\/ca\/club\/gramen-restaurant\/\" \/>\n<meta property=\"og:site_name\" content=\"Golf Terramar\" \/>\n<meta property=\"article:modified_time\" content=\"2024-04-10T10:47:12+00:00\" \/>\n<meta name=\"twitter:card\" content=\"summary_large_image\" \/>\n<meta name=\"twitter:label1\" content=\"Temps estimat de lectura\" \/>\n\t<meta name=\"twitter:data1\" content=\"1 minut\" \/>\n<script type=\"application\/ld+json\" class=\"yoast-schema-graph\">{\"@context\":\"https:\/\/schema.org\",\"@graph\":[{\"@type\":\"WebPage\",\"@id\":\"https:\/\/golfterramar.com\/ca\/club\/gramen-restaurant\/\",\"url\":\"https:\/\/golfterramar.com\/ca\/club\/gramen-restaurant\/\",\"name\":\"Gramen Restaurant - Golf Terramar\",\"isPartOf\":{\"@id\":\"https:\/\/golfterramar.com\/ca\/#website\"},\"datePublished\":\"2022-02-15T08:33:56+00:00\",\"dateModified\":\"2024-04-10T10:47:12+00:00\",\"breadcrumb\":{\"@id\":\"https:\/\/golfterramar.com\/ca\/club\/gramen-restaurant\/#breadcrumb\"},\"inLanguage\":\"ca\",\"potentialAction\":[{\"@type\":\"ReadAction\",\"target\":[\"https:\/\/golfterramar.com\/ca\/club\/gramen-restaurant\/\"]}]},{\"@type\":\"BreadcrumbList\",\"@id\":\"https:\/\/golfterramar.com\/ca\/club\/gramen-restaurant\/#breadcrumb\",\"itemListElement\":[{\"@type\":\"ListItem\",\"position\":1,\"name\":\"Portada\",\"item\":\"https:\/\/golfterramar.com\/ca\/\"},{\"@type\":\"ListItem\",\"position\":2,\"name\":\"Club\",\"item\":\"https:\/\/golfterramar.com\/ca\/club\/\"},{\"@type\":\"ListItem\",\"position\":3,\"name\":\"Gramen Restaurant\"}]},{\"@type\":\"WebSite\",\"@id\":\"https:\/\/golfterramar.com\/ca\/#website\",\"url\":\"https:\/\/golfterramar.com\/ca\/\",\"name\":\"Golf Terramar\",\"description\":\"\",\"potentialAction\":[{\"@type\":\"SearchAction\",\"target\":{\"@type\":\"EntryPoint\",\"urlTemplate\":\"https:\/\/golfterramar.com\/ca\/?s={search_term_string}\"},\"query-input\":{\"@type\":\"PropertyValueSpecification\",\"valueRequired\":true,\"valueName\":\"search_term_string\"}}],\"inLanguage\":\"ca\"}]}<\/script>\n<!-- \/ Yoast SEO plugin. -->","yoast_head_json":{"title":"Gramen Restaurant - Golf Terramar","robots":{"index":"index","follow":"follow","max-snippet":"max-snippet:-1","max-image-preview":"max-image-preview:large","max-video-preview":"max-video-preview:-1"},"canonical":"https:\/\/golfterramar.com\/ca\/club\/gramen-restaurant\/","og_locale":"ca_ES","og_type":"article","og_title":"Gramen Restaurant - Golf Terramar","og_description":"Des de 2006 Gramen Restaurant es distingeix per la seva dedicaci\u00f3 a cadascun dels esdeveniments que realitza. Ofereix una m\u00e0xima qualitat en les mat\u00e8ries primeres emprades en tots els seus productes i un mim exclusiu per assolir la m\u00e0xima satisfacci\u00f3 de tots i cadascun dels seus clients. El nostre servei va dirigit tant a esdeveniments [&hellip;]","og_url":"https:\/\/golfterramar.com\/ca\/club\/gramen-restaurant\/","og_site_name":"Golf Terramar","article_modified_time":"2024-04-10T10:47:12+00:00","twitter_card":"summary_large_image","twitter_misc":{"Temps estimat de lectura":"1 minut"},"schema":{"@context":"https:\/\/schema.org","@graph":[{"@type":"WebPage","@id":"https:\/\/golfterramar.com\/ca\/club\/gramen-restaurant\/","url":"https:\/\/golfterramar.com\/ca\/club\/gramen-restaurant\/","name":"Gramen Restaurant - Golf Terramar","isPartOf":{"@id":"https:\/\/golfterramar.com\/ca\/#website"},"datePublished":"2022-02-15T08:33:56+00:00","dateModified":"2024-04-10T10:47:12+00:00","breadcrumb":{"@id":"https:\/\/golfterramar.com\/ca\/club\/gramen-restaurant\/#breadcrumb"},"inLanguage":"ca","potentialAction":[{"@type":"ReadAction","target":["https:\/\/golfterramar.com\/ca\/club\/gramen-restaurant\/"]}]},{"@type":"BreadcrumbList","@id":"https:\/\/golfterramar.com\/ca\/club\/gramen-restaurant\/#breadcrumb","itemListElement":[{"@type":"ListItem","position":1,"name":"Portada","item":"https:\/\/golfterramar.com\/ca\/"},{"@type":"ListItem","position":2,"name":"Club","item":"https:\/\/golfterramar.com\/ca\/club\/"},{"@type":"ListItem","position":3,"name":"Gramen Restaurant"}]},{"@type":"WebSite","@id":"https:\/\/golfterramar.com\/ca\/#website","url":"https:\/\/golfterramar.com\/ca\/","name":"Golf Terramar","description":"","potentialAction":[{"@type":"SearchAction","target":{"@type":"EntryPoint","urlTemplate":"https:\/\/golfterramar.com\/ca\/?s={search_term_string}"},"query-input":{"@type":"PropertyValueSpecification","valueRequired":true,"valueName":"search_term_string"}}],"inLanguage":"ca"}]}},"_links":{"self":[{"href":"https:\/\/golfterramar.com\/ca\/wp-json\/wp\/v2\/pages\/2797","targetHints":{"allow":["GET"]}}],"collection":[{"href":"https:\/\/golfterramar.com\/ca\/wp-json\/wp\/v2\/pages"}],"about":[{"href":"https:\/\/golfterramar.com\/ca\/wp-json\/wp\/v2\/types\/page"}],"author":[{"embeddable":true,"href":"https:\/\/golfterramar.com\/ca\/wp-json\/wp\/v2\/users\/2"}],"replies":[{"embeddable":true,"href":"https:\/\/golfterramar.com\/ca\/wp-json\/wp\/v2\/comments?post=2797"}],"version-history":[{"count":6,"href":"https:\/\/golfterramar.com\/ca\/wp-json\/wp\/v2\/pages\/2797\/revisions"}],"predecessor-version":[{"id":8014,"href":"https:\/\/golfterramar.com\/ca\/wp-json\/wp\/v2\/pages\/2797\/revisions\/8014"}],"up":[{"embeddable":true,"href":"https:\/\/golfterramar.com\/ca\/wp-json\/wp\/v2\/pages\/239"}],"wp:attachment":[{"href":"https:\/\/golfterramar.com\/ca\/wp-json\/wp\/v2\/media?parent=2797"}],"curies":[{"name":"wp","href":"https:\/\/api.w.org\/{rel}","templated":true}]}}