{"id":3,"date":"2021-11-02T14:31:15","date_gmt":"2021-11-02T13:31:15","guid":{"rendered":"https:\/\/proves.golfterramar.com\/?page_id=3"},"modified":"2025-08-29T14:02:10","modified_gmt":"2025-08-29T13:02:10","slug":"politica-privacitat","status":"publish","type":"page","link":"https:\/\/golfterramar.com\/ca\/politica-privacitat\/","title":{"rendered":"Pol\u00edtica de privacitat"},"content":{"rendered":"\n<h2 class=\"wp-block-heading\">POL\u00cdTICA DE PRIVACITAT<\/h2>\n\n\n\n<p>La present Pol\u00edtica de Privacitat estableix la manera en qu\u00e8 el CLUB DE GOLF TERRAMAR tracta i protegeix les dades personals proporcionades a trav\u00e9s de la p\u00e0gina web <a href=\"http:\/\/golfterramar.com\">http:\/\/golfterramar.com<\/a> (d\u2019ara endavant, tamb\u00e9 referida com la \u201cweb\u201d).<\/p>\n\n\n\n<p>En mat\u00e8ria de protecci\u00f3 de dades, el CLUB DE GOLF TERRAMAR garanteix el compliment del Reglament (UE) 2016\/679 del Parlament Europeu i del Consell, de 27 d\u2019abril de 2016 (Reglament General de Protecci\u00f3 de Dades).<\/p>\n\n\n\n<p><strong>1. Responsable del Tractament de Dades<\/strong><\/p>\n\n\n\n<p>Les seves dades seran recollides i tractades per:<\/p>\n\n\n\n<ul class=\"wp-block-list\">\n<li>Propietari: Club de Golf Terramar<\/li>\n\n\n\n<li>NIF: G08328056<\/li>\n\n\n\n<li>Adre\u00e7a: c\/ Carretera del Golf s\/n, 08870 Sitges<\/li>\n\n\n\n<li>Correu electr\u00f2nic: <a href=\"mailto:info@golfterramar.com\">info@golfterramar.com<\/a><\/li>\n\n\n\n<li>Tel\u00e8fon: <a href=\"tel:+34 93 894 05 80\">+34 93 894 05 80<\/a><\/li>\n<\/ul>\n\n\n\n<p><strong>2. Finalitat del tractament<\/strong><\/p>\n\n\n\n<p>El CLUB DE GOLF TERRAMAR recollir\u00e0 les seves dades personals a trav\u00e9s dels formularis ubicats a la Web i les tractar\u00e0 amb la finalitat de:<\/p>\n\n\n\n<ul class=\"wp-block-list\">\n<li>Respondre i proporcionar la informaci\u00f3 sol\u00b7licitada pels usuaris (vost\u00e8) a trav\u00e9s dels formularis web;<\/li>\n\n\n\n<li>Prestar els serveis del CLUB DE GOLF TERRAMAR que vost\u00e8 hagi sol\u00b7licitat a trav\u00e9s dels formularis web;<\/li>\n\n\n\n<li>L\u2019enviament de comunicacions comercials sobre productes i serveis del CLUB DE GOLF TERRAMAR, que considerem que poden ser del seu inter\u00e8s. Aquestes comunicacions comercials li seran trameses al correu electr\u00f2nic que ens hagi facilitat, sempre amb el seu consentiment expr\u00e9s previ. Aix\u00ed mateix, l\u2019informem que en cada comunicaci\u00f3 comercial que rebi del CLUB DE GOLF TERRAMAR se li indicar\u00e0 el procediment habilitat perqu\u00e8 pugui oposar-se gratu\u00eftament al tractament de les seves dades amb finalitats comercials. La seva acceptaci\u00f3 per a rebre informaci\u00f3 comercial t\u00e9 sempre car\u00e0cter revocable, sense efectes retroactius, d\u2019acord amb l\u2019article 22.2 de la LSSI.<\/li>\n\n\n\n<li>En el sup\u00f2sit de facilitar dades personals en interposar una den\u00fancia a trav\u00e9s del Canal de Den\u00fancies, aquestes seran tractades amb les finalitats seg\u00fcents: tramitar la den\u00fancia i valorar els fets referits en la mateixa, dur a terme les investigacions internes necess\u00e0ries i, si escau, avaluar les conseq\u00fc\u00e8ncies legals que puguin derivar-se\u2019n. La identitat del denunciant ser\u00e0 reservada i no es comunicar\u00e0 a les persones afectades per la den\u00fancia.<\/li>\n<\/ul>\n\n\n\n<p>L\u2019informem que el CLUB DE GOLF TERRAMAR no utilitzar\u00e0 les seves dades personals per a l\u2019elaboraci\u00f3 de perfils ni per a l\u2019adopci\u00f3 de decisions automatitzades.<\/p>\n\n\n\n<p>Totes les dades sol\u00b7licitades a trav\u00e9s de la Web s\u00f3n obligat\u00f2ries, ja que s\u00f3n necess\u00e0ries per a la prestaci\u00f3 d\u2019un servei \u00f2ptim a l\u2019usuari. En cas que no siguin facilitades, no podrem atendre\u2019l degudament.<\/p>\n\n\n\n<p><strong>3. Conservaci\u00f3 de les dades<\/strong><\/p>\n\n\n\n<p>En cas que l\u2019usuari contracti els serveis del CLUB DE GOLF TERRAMAR, les dades personals es conservaran mentre es mantingui la relaci\u00f3 contractual entre les parts i, en tot cas, fins que transcorri el termini per exigir responsabilitats derivades de la relaci\u00f3 contractual i altres obligacions legals.<\/p>\n\n\n\n<p>En el sup\u00f2sit de presentar una den\u00fancia a trav\u00e9s del Canal de Den\u00fancies, les dades personals facilitades es conservaran \u00fanicament durant el temps imprescindible per decidir sobre la proced\u00e8ncia d\u2019iniciar una investigaci\u00f3 sobre els fets informats i, en tot cas, en el termini m\u00e0xim de tres (3) mesos des de la recepci\u00f3 de la den\u00fancia, llevat que la finalitat de la conservaci\u00f3 sigui evidenciar el funcionament del sistema, cas en qu\u00e8 es mantindran anonimitzades.<\/p>\n\n\n\n<p>En la resta de casos, les dades personals proporcionades es conservaran mentre no se\u2019n sol\u00b7liciti la supressi\u00f3 per l\u2019interessat. Aix\u00ed mateix, les dades es conservaran segons els terminis legals establerts en mat\u00e8ria legal, fiscal i comptable, prenent com a refer\u00e8ncia la data de la sol\u00b7licitud de supressi\u00f3 efectuada per l\u2019interessat.<\/p>\n\n\n\n<p><strong>4. Legitimaci\u00f3 per al tractament de les seves dades<\/strong><\/p>\n\n\n\n<p>En cas que vost\u00e8 contracti els serveis del CLUB DE GOLF TERRAMAR, la base legal per al tractament de les seves dades personals consistir\u00e0 en l\u2019execuci\u00f3 del corresponent contracte subscrit entre les parts.<br>En el sup\u00f2sit de presentar una den\u00fancia a trav\u00e9s del Canal de Den\u00fancies, la base legal \u00e9s el compliment d\u2019una missi\u00f3 realitzada en inter\u00e8s p\u00fablic o en l\u2019exercici de poders p\u00fablics conferits al responsable del tractament.<\/p>\n\n\n\n<p>En la resta de sup\u00f2sits, la base legal per al tractament de les seves dades residir\u00e0 en el consentiment prestat lliurement per vost\u00e8.<\/p>\n\n\n\n<p><strong>5. Destinataris<\/strong><\/p>\n\n\n\n<p>El CLUB DE GOLF TERRAMAR no realitzar\u00e0 cap cessi\u00f3 ni transfer\u00e8ncia de dades, llevat d\u2019obligaci\u00f3 legal o quan sigui necessari per a la correcta execuci\u00f3 del servei prestat en cada moment.<\/p>\n\n\n\n<p><strong>6. Drets de l\u2019interessat<\/strong><\/p>\n\n\n\n<p>Vost\u00e8, en la seva condici\u00f3 d\u2019interessat, pot exercir els drets seg\u00fcents:<\/p>\n\n\n\n<ol style=\"list-style-type:lower-alpha\" class=\"wp-block-list\">\n<li><strong>Dret a sol\u00b7licitar l\u2019acc\u00e9s<\/strong> a les seves dades personals.<\/li>\n\n\n\n<li><strong>Dret a sol\u00b7licitar la rectificaci\u00f3<\/strong> de les seves dades inexactes.<\/li>\n\n\n\n<li><strong>Dret a sol\u00b7licitar la supressi\u00f3<\/strong> de les seves dades (dret a l\u2019oblit).<\/li>\n\n\n\n<li><strong>Dret a sol\u00b7licitar la limitaci\u00f3<\/strong> del seu tractament en els sup\u00f2sits previstos pel RGPD.<\/li>\n\n\n\n<li><strong>Dret a la portabilitat<\/strong> de les dades.<\/li>\n\n\n\n<li><strong>Dret a oposar-se<\/strong> al tractament.<\/li>\n\n\n\n<li><strong>Dret a retirar el consentiment<\/strong> prestat en qualsevol moment.<\/li>\n<\/ol>\n\n\n\n<p>Vost\u00e8 pot exercir els seus drets mitjan\u00e7ant comunicaci\u00f3 escrita adre\u00e7ada al Responsable del tractament a les adreces seg\u00fcents:<\/p>\n\n\n\n<ul class=\"wp-block-list\">\n<li>c\/ Carretera del Golf s\/n, 08870 Sitges (Barcelona)<\/li>\n\n\n\n<li>E-mail: <a href=\"mailto:info@golfterramar.com\">info@golfterramar.com<\/a><\/li>\n<\/ul>\n\n\n\n<p>Per a l\u2019exercici efectiu dels seus drets, haur\u00e0 d\u2019acompanyar la seva sol\u00b7licitud amb una fotoc\u00f2pia del document acreditatiu de la seva identitat (NIF, DNI, etc.).<\/p>\n\n\n\n<p>Finalment, l\u2019informem que t\u00e9 dret a acudir davant l\u2019Ag\u00e8ncia Espanyola de Protecci\u00f3 de Dades per presentar una reclamaci\u00f3 si considera que s\u2019ha vulnerat algun dels seus drets. Pot consultar les dades de contacte al seg\u00fcent enlla\u00e7: www.agpd.es.<\/p>\n\n\n\n<p><strong>7. Seguretat<\/strong><\/p>\n\n\n\n<p>El CLUB DE GOLF TERRAMAR l\u2019informa que t\u00e9 implantades les mesures de seguretat t\u00e8cniques i organitzatives necess\u00e0ries per garantir la seguretat de les seves dades personals i evitar-ne l\u2019alteraci\u00f3, p\u00e8rdua, tractament i\/o acc\u00e9s no autoritzat, tenint en compte l\u2019estat de la tecnologia, la naturalesa de les dades i els riscos als quals estan exposades.<\/p>\n\n\n\n<p><strong>8. Links<\/strong><\/p>\n\n\n\n<p><a href=\"https:\/\/www.golfterramar.com\">www.golfterramar.com<\/a> pot incloure hipervincles a altres llocs que no s\u00f3n operats o controlats pel CLUB DE GOLF TERRAMAR. Per aix\u00f2, el CLUB DE GOLF TERRAMAR no garanteix ni es fa responsable de la licitud, fiabilitat, utilitat, veracitat i actualitat dels continguts d\u2019aquests llocs web ni de les seves pr\u00e0ctiques de privacitat.<\/p>\n\n\n\n<p>Si us plau, abans de proporcionar la seva informaci\u00f3 personal a aquests llocs web aliens, tingui en compte que les seves pr\u00e0ctiques de privacitat poden diferir de les nostres.<\/p>\n\n\n\n<p><strong>9. Cookies<\/strong><\/p>\n\n\n\n<p><a href=\"https:\/\/www.golfterramar.com\">www.golfterramar.com<\/a> utilitza cookies. Vost\u00e8 t\u00e9 l\u2019opci\u00f3 d\u2019impedir la generaci\u00f3 de cookies mitjan\u00e7ant la selecci\u00f3 de l\u2019opci\u00f3 corresponent al seu navegador.<\/p>\n\n\n\n<p>Per a m\u00e9s informaci\u00f3, pot consultar la nostra <a href=\"https:\/\/golfterramar.com\/ca\/cookies\/\">Pol\u00edtica de Cookies<\/a>.<\/p>\n\n\n\n<p><strong>10. Modificaci\u00f3 de la Pol\u00edtica de Privacitat<\/strong><\/p>\n\n\n\n<p>El CLUB DE GOLF TERRAMAR es reserva el dret a modificar la present Pol\u00edtica de Privacitat, d\u2019acord amb el seu propi criteri, motivat per un canvi legislatiu, jurisprudencial o doctrinal de l\u2019Ag\u00e8ncia Espanyola de Protecci\u00f3 de Dades.<\/p>\n\n\n\n<p>L\u2019informarem d\u2019aquests canvis mitjan\u00e7ant la publicaci\u00f3 de la Pol\u00edtica de Privacitat modificada a la pr\u00f2pia Web i mitjan\u00e7ant l\u2019av\u00eds corresponent a la p\u00e0gina d\u2019inici.<\/p>\n\n\n\n<p><strong>11. Legislaci\u00f3 aplicable i compet\u00e8ncia jurisdiccional<\/strong><\/p>\n\n\n\n<p>Totes les controv\u00e8rsies i\/o reclamacions sorgides de la interpretaci\u00f3 i\/o execuci\u00f3 de la present pol\u00edtica de privacitat es regiran per la legislaci\u00f3 espanyola i se sotmetran a la jurisdicci\u00f3 dels Jutjats i Tribunals de la Ciutat de Vilanova i la Geltr\u00fa.<\/p>\n","protected":false},"excerpt":{"rendered":"<p>POL\u00cdTICA DE PRIVACITAT La present Pol\u00edtica de Privacitat estableix la manera en qu\u00e8 el CLUB DE GOLF TERRAMAR tracta i protegeix les dades personals proporcionades a trav\u00e9s de la p\u00e0gina web http:\/\/golfterramar.com (d\u2019ara endavant, tamb\u00e9 referida com la \u201cweb\u201d). En mat\u00e8ria de protecci\u00f3 de dades, el CLUB DE GOLF TERRAMAR garanteix el compliment del Reglament [&hellip;]<\/p>\n","protected":false},"author":2,"featured_media":0,"parent":0,"menu_order":0,"comment_status":"closed","ping_status":"closed","template":"","meta":{"_acf_changed":false,"footnotes":""},"class_list":["post-3","page","type-page","status-publish","hentry"],"acf":[],"yoast_head":"<!-- This site is optimized with the Yoast SEO plugin v24.9 - https:\/\/yoast.com\/wordpress\/plugins\/seo\/ -->\n<title>Pol\u00edtica de privacitat - Golf Terramar<\/title>\n<meta name=\"robots\" content=\"index, follow, max-snippet:-1, max-image-preview:large, max-video-preview:-1\" \/>\n<link rel=\"canonical\" href=\"https:\/\/golfterramar.com\/ca\/politica-privacitat\/\" \/>\n<meta property=\"og:locale\" content=\"ca_ES\" \/>\n<meta property=\"og:type\" content=\"article\" \/>\n<meta property=\"og:title\" content=\"Pol\u00edtica de privacitat - Golf Terramar\" \/>\n<meta property=\"og:description\" content=\"POL\u00cdTICA DE PRIVACITAT La present Pol\u00edtica de Privacitat estableix la manera en qu\u00e8 el CLUB DE GOLF TERRAMAR tracta i protegeix les dades personals proporcionades a trav\u00e9s de la p\u00e0gina web http:\/\/golfterramar.com (d\u2019ara endavant, tamb\u00e9 referida com la \u201cweb\u201d). En mat\u00e8ria de protecci\u00f3 de dades, el CLUB DE GOLF TERRAMAR garanteix el compliment del Reglament [&hellip;]\" \/>\n<meta property=\"og:url\" content=\"https:\/\/golfterramar.com\/ca\/politica-privacitat\/\" \/>\n<meta property=\"og:site_name\" content=\"Golf Terramar\" \/>\n<meta property=\"article:modified_time\" content=\"2025-08-29T13:02:10+00:00\" \/>\n<meta name=\"twitter:card\" content=\"summary_large_image\" \/>\n<meta name=\"twitter:label1\" content=\"Temps estimat de lectura\" \/>\n\t<meta name=\"twitter:data1\" content=\"6 minuts\" \/>\n<script type=\"application\/ld+json\" class=\"yoast-schema-graph\">{\"@context\":\"https:\/\/schema.org\",\"@graph\":[{\"@type\":\"WebPage\",\"@id\":\"https:\/\/golfterramar.com\/ca\/politica-privacitat\/\",\"url\":\"https:\/\/golfterramar.com\/ca\/politica-privacitat\/\",\"name\":\"Pol\u00edtica de privacitat - Golf Terramar\",\"isPartOf\":{\"@id\":\"https:\/\/golfterramar.com\/ca\/#website\"},\"datePublished\":\"2021-11-02T13:31:15+00:00\",\"dateModified\":\"2025-08-29T13:02:10+00:00\",\"breadcrumb\":{\"@id\":\"https:\/\/golfterramar.com\/ca\/politica-privacitat\/#breadcrumb\"},\"inLanguage\":\"ca\",\"potentialAction\":[{\"@type\":\"ReadAction\",\"target\":[\"https:\/\/golfterramar.com\/ca\/politica-privacitat\/\"]}]},{\"@type\":\"BreadcrumbList\",\"@id\":\"https:\/\/golfterramar.com\/ca\/politica-privacitat\/#breadcrumb\",\"itemListElement\":[{\"@type\":\"ListItem\",\"position\":1,\"name\":\"Portada\",\"item\":\"https:\/\/golfterramar.com\/ca\/\"},{\"@type\":\"ListItem\",\"position\":2,\"name\":\"Pol\u00edtica de privacitat\"}]},{\"@type\":\"WebSite\",\"@id\":\"https:\/\/golfterramar.com\/ca\/#website\",\"url\":\"https:\/\/golfterramar.com\/ca\/\",\"name\":\"Golf Terramar\",\"description\":\"\",\"potentialAction\":[{\"@type\":\"SearchAction\",\"target\":{\"@type\":\"EntryPoint\",\"urlTemplate\":\"https:\/\/golfterramar.com\/ca\/?s={search_term_string}\"},\"query-input\":{\"@type\":\"PropertyValueSpecification\",\"valueRequired\":true,\"valueName\":\"search_term_string\"}}],\"inLanguage\":\"ca\"}]}<\/script>\n<!-- \/ Yoast SEO plugin. -->","yoast_head_json":{"title":"Pol\u00edtica de privacitat - Golf Terramar","robots":{"index":"index","follow":"follow","max-snippet":"max-snippet:-1","max-image-preview":"max-image-preview:large","max-video-preview":"max-video-preview:-1"},"canonical":"https:\/\/golfterramar.com\/ca\/politica-privacitat\/","og_locale":"ca_ES","og_type":"article","og_title":"Pol\u00edtica de privacitat - Golf Terramar","og_description":"POL\u00cdTICA DE PRIVACITAT La present Pol\u00edtica de Privacitat estableix la manera en qu\u00e8 el CLUB DE GOLF TERRAMAR tracta i protegeix les dades personals proporcionades a trav\u00e9s de la p\u00e0gina web http:\/\/golfterramar.com (d\u2019ara endavant, tamb\u00e9 referida com la \u201cweb\u201d). En mat\u00e8ria de protecci\u00f3 de dades, el CLUB DE GOLF TERRAMAR garanteix el compliment del Reglament [&hellip;]","og_url":"https:\/\/golfterramar.com\/ca\/politica-privacitat\/","og_site_name":"Golf Terramar","article_modified_time":"2025-08-29T13:02:10+00:00","twitter_card":"summary_large_image","twitter_misc":{"Temps estimat de lectura":"6 minuts"},"schema":{"@context":"https:\/\/schema.org","@graph":[{"@type":"WebPage","@id":"https:\/\/golfterramar.com\/ca\/politica-privacitat\/","url":"https:\/\/golfterramar.com\/ca\/politica-privacitat\/","name":"Pol\u00edtica de privacitat - Golf Terramar","isPartOf":{"@id":"https:\/\/golfterramar.com\/ca\/#website"},"datePublished":"2021-11-02T13:31:15+00:00","dateModified":"2025-08-29T13:02:10+00:00","breadcrumb":{"@id":"https:\/\/golfterramar.com\/ca\/politica-privacitat\/#breadcrumb"},"inLanguage":"ca","potentialAction":[{"@type":"ReadAction","target":["https:\/\/golfterramar.com\/ca\/politica-privacitat\/"]}]},{"@type":"BreadcrumbList","@id":"https:\/\/golfterramar.com\/ca\/politica-privacitat\/#breadcrumb","itemListElement":[{"@type":"ListItem","position":1,"name":"Portada","item":"https:\/\/golfterramar.com\/ca\/"},{"@type":"ListItem","position":2,"name":"Pol\u00edtica de privacitat"}]},{"@type":"WebSite","@id":"https:\/\/golfterramar.com\/ca\/#website","url":"https:\/\/golfterramar.com\/ca\/","name":"Golf Terramar","description":"","potentialAction":[{"@type":"SearchAction","target":{"@type":"EntryPoint","urlTemplate":"https:\/\/golfterramar.com\/ca\/?s={search_term_string}"},"query-input":{"@type":"PropertyValueSpecification","valueRequired":true,"valueName":"search_term_string"}}],"inLanguage":"ca"}]}},"_links":{"self":[{"href":"https:\/\/golfterramar.com\/ca\/wp-json\/wp\/v2\/pages\/3","targetHints":{"allow":["GET"]}}],"collection":[{"href":"https:\/\/golfterramar.com\/ca\/wp-json\/wp\/v2\/pages"}],"about":[{"href":"https:\/\/golfterramar.com\/ca\/wp-json\/wp\/v2\/types\/page"}],"author":[{"embeddable":true,"href":"https:\/\/golfterramar.com\/ca\/wp-json\/wp\/v2\/users\/2"}],"replies":[{"embeddable":true,"href":"https:\/\/golfterramar.com\/ca\/wp-json\/wp\/v2\/comments?post=3"}],"version-history":[{"count":6,"href":"https:\/\/golfterramar.com\/ca\/wp-json\/wp\/v2\/pages\/3\/revisions"}],"predecessor-version":[{"id":10248,"href":"https:\/\/golfterramar.com\/ca\/wp-json\/wp\/v2\/pages\/3\/revisions\/10248"}],"wp:attachment":[{"href":"https:\/\/golfterramar.com\/ca\/wp-json\/wp\/v2\/media?parent=3"}],"curies":[{"name":"wp","href":"https:\/\/api.w.org\/{rel}","templated":true}]}}