{"id":3385,"date":"2022-01-31T14:39:29","date_gmt":"2022-01-31T13:39:29","guid":{"rendered":"https:\/\/golfterramar.com\/avis-legal\/"},"modified":"2022-04-07T14:21:06","modified_gmt":"2022-04-07T13:21:06","slug":"avis-legal","status":"publish","type":"page","link":"https:\/\/golfterramar.com\/ca\/avis-legal\/","title":{"rendered":"Av\u00eds legal"},"content":{"rendered":"<p>De conformitat amb el que estableix l&#8217;article 10 de la Llei 34\/2002, d&#8217;11 de juliol, de serveis de la societat de la informaci\u00f3 i de comer\u00e7 electr\u00f2nic, us facilitem la informaci\u00f3 relativa al titular de la present p\u00e0gina web <a href=\"http:\/\/golfterramar.com\/\">http:\/\/golfterramar.com<\/a> i les condicions d&#8217;\u00fas de la<\/p>\n<p>\u2013 Propietari: Club de Golf Terramar<\/p>\n<p>\u2013 NIF: G08328056<\/p>\n<p>\u2013 Direcci\u00f3: c\/ Carreterra del Golf s\/n, 08870 Sitges<\/p>\n<p>\u2013 Correu electr\u00f3nic: <a href=\"mailto:info@golfterramar.com\">info@golfterramar.com<\/a><\/p>\n<p>\u2013 Tel\u00e9fon: +34 93 894 05 80<\/p>\n<p><strong>1. Condicions d&#8217;\u00fas<\/strong><\/p>\n<p>1.1 Aquesta p\u00e0gina web cont\u00e9 materials preparats per CLUB DE GOLF TERRAMAR amb finalitats \u00fanicament informatives. Aix\u00ed mateix, aquests materials poden \u00e9sser modificats, desenvolupats o actualitzats sense notificaci\u00f3 pr\u00e8via.<\/p>\n<p>1.2 L&#8217;usuari no ha d&#8217;enviar cap tipus d&#8217;informaci\u00f3 confidencial a CLUB DE GOLF TERRAMAR sense haver-ho consultat pr\u00e8viament amb algun responsable del CLUB i haver rebut de la mateixa autoritzaci\u00f3 per remetre aquesta informaci\u00f3.<\/p>\n<p>1.3 Els enlla\u00e7os o links que cont\u00e9 aquesta p\u00e0gina web poden conduir l&#8217;usuari a altres llocs i p\u00e0gines web gestionats per tercers, sobre els quals CLUB DE GOLF TERRAMAR no exerceix cap mena de control. CLUB DE GOLF TERRAMAR no respon ni dels continguts ni de l&#8217;estat d&#8217;aquests llocs i p\u00e0gines web, i l&#8217;acc\u00e9s a aquests a trav\u00e9s d&#8217;aquesta p\u00e0gina web tampoc implica que CLUB DE GOLF TERRAMAR recomani o aprovi els continguts.<\/p>\n<p><strong>2. Limitaci\u00f3 de responsabilitat<\/strong><\/p>\n<p>2.1 Qui utilitza aquesta p\u00e0gina web, ho fa pel seu propi compte i risc. CLUB DE GOLF TERRAMAR no es responsabilitza dels errors o omissions de qu\u00e8 poguessin patir els continguts aquesta p\u00e0gina web o altres continguts als quals es pugui accedir a trav\u00e9s d&#8217;aquesta. CLUB DE GOLF TERRAMAR tampoc podr\u00e0 ser considerat responsable per qualsevol dany derivat de la utilitzaci\u00f3 d&#8217;aquesta p\u00e0gina web, ni per qualsevol actuaci\u00f3 realitzada sobre la base de la informaci\u00f3 que s&#8217;hi facilita.<\/p>\n<p>2.2 CLUB DE GOLF TERRAMAR no garanteix l&#8217;abs\u00e8ncia de virus o altres elements lesius que poguessin ocasionar danys o alteracions al sistema inform\u00e0tic, als documents electr\u00f2nics o als fitxers de l&#8217;usuari d&#8217;aquesta p\u00e0gina web. En conseq\u00fc\u00e8ncia, CLUB DE GOLF TERRAMAR no respon pels danys i perjudicis que aquests elements poguessin ocasionar a l&#8217;usuari oa tercers.<\/p>\n<p><strong>3. Protecci\u00f3 de dades<\/strong><\/p>\n<p>En mat\u00e8ria de protecci\u00f3 de dades, CLUB DE GOLF TERRAMAR aplica el Reglament General de Protecci\u00f3 de Dades (Reglament (UE) 2016\/679 del Parlament Europeu i del Consell, de 27 d&#8217;abril del 2016). Visiteu la Pol\u00edtica de privadesa (en format d&#8217;enlla\u00e7) d&#8217;aquest lloc web per obtenir informaci\u00f3 addicional sobre protecci\u00f3 de dades.<\/p>\n<p><strong>4. Drets de propietat intel\u00b7lectual i industrial<\/strong><\/p>\n<p>4.1. El contingut d&#8217;aquest lloc web, incloent-hi text, imatges, disseny gr\u00e0fic, codis font, logotips, marques, noms comercials, arxius, manuals, etc., \u00e9s propietat exclusiva de CLUB DE GOLF TERRAMAR, i est\u00e0 protegit per les regulacions de propietat intel\u00b7lectual i Industrial. Per tant, es prohibeix la reproducci\u00f3, modificaci\u00f3 i qualsevol tipus de difusi\u00f3, distribuci\u00f3 p\u00fablica o distribuci\u00f3 dels continguts esmentats sense el consentiment previ per escrit de CLUB DE GOLF TERRAMAR.<\/p>\n<p>4.2. En cap cas s&#8217;entendr\u00e0 que l&#8217;acc\u00e9s i la navegaci\u00f3 per part de l&#8217;usuari implica la ren\u00fancia, transmissi\u00f3, llic\u00e8ncia o cessi\u00f3 total o parcial d&#8217;aquests drets en nom de CLUB DE GOLF TERRAMAR.<\/p>\n<p>4.3. En conseq\u00fc\u00e8ncia, no est\u00e0 perm\u00e8s eliminar, eludir o manipular l&#8217;av\u00eds de drets d&#8217;autor o qualsevol detall d&#8217;identificaci\u00f3 respecte als drets de poder de CLUB DE GOLF TERRAMAR o de qualsevol dels propietaris incorporats al contingut.<\/p>\n<p>4.4. Aix\u00ed mateix, est\u00e0 estrictament prohibit modificar, copiar, reutilitzar, explotar, reproduir, comunicar p\u00fablicament, fer publicacions secund\u00e0ries o posteriors, descarregar arxius, enviar per correu postal o electr\u00f2nic, transferir, utilitzar, tractar o distribuir de qualsevol manera la totalitat o la part de els continguts inclosos al lloc web per a fins p\u00fablics o comercials sense l&#8217;autoritzaci\u00f3 expl\u00edcita i el consentiment per escrit de CLUB DE GOLF TERRAMAR.<\/p>\n<p><strong>5. Validesa i modificacions<\/strong><\/p>\n<p><strong>5.1. CLUB DE GOLF TERRAMAR podr\u00e1 modificar, total o parcialmente, los t\u00e9rminos y condiciones aqu\u00ed establecidos, publicando cualquier cambio o alteraci\u00f3n de la misma manera en que aparecen estas condiciones o mediante cualquier tipo de comunicaci\u00f3n dirigida a los usuarios, en la forma que lo decida CLUB DE GOLF TERRAMAR.<\/strong><\/p>\n<p><strong>5.2. La validez temporal de estas condiciones coincide, por lo tanto, con el tiempo de su exposici\u00f3n, hasta que se modifiquen total o parcialmente, en cuyo caso estas \u00faltimas ser\u00e1n las v\u00e1lidas.<\/strong><\/p>\n<p><strong>5.3. CLUB DE GOLF TERRAMAR podr\u00e1 clausurar, suspender o interrumpir, en cualquier momento y sin previo aviso, el acceso a los contenidos del sitio web, sin posibilidad del usuario de exigir compensaci\u00f3n alguna. Transcurrida la supresi\u00f3n o interrupci\u00f3n de la p\u00e1gina web, las restricciones de uso detalladas en los art\u00edculos precedentes seguir\u00e1n siendo v\u00e1lidas.<\/strong><\/p>\n<p><strong>6. Generalitats<\/strong><\/p>\n<p>6.1. Els t\u00edtols de les diferents cl\u00e0usules s\u00f3n merament informatius i no afectaran, classificaran o amplificaran la interpretaci\u00f3 de les presents condicions.<\/p>\n<p>6.2. En cas que alguna d&#8217;aquestes disposicions siguin considerades o declarades nul\u00b7les o inaplicables, totalment o parcialment, per qualsevol tribunal o \u00f2rgan administratiu competent, aquesta nul\u00b7litat no afectar\u00e0 la resta de disposicions.<\/p>\n<p>6.3. El fet que CLUB DE GOLF TERRAMAR no exerceixi algun dels drets previstos en aquest av\u00eds legal, no implicar\u00e0 cap ren\u00fancia a aquests drets, llevat que aquesta ren\u00fancia consti per escrit.<\/p>\n<p><strong>7. Llei i Jurisdicci\u00f3 aplicable<\/strong><\/p>\n<p>Totes les controv\u00e8rsies i\/o reclamacions sorgides de la interpretaci\u00f3 i\/o execuci\u00f3 del present av\u00eds legal es regiran per la legislaci\u00f3 espanyola i se sotmetran a la jurisdicci\u00f3 dels Jutjats i Tribunals de la ciutat de Vilanova i la Geltr\u00fa.<\/p>\n","protected":false},"excerpt":{"rendered":"<p>De conformitat amb el que estableix l&#8217;article 10 de la Llei 34\/2002, d&#8217;11 de juliol, de serveis de la societat de la informaci\u00f3 i de comer\u00e7 electr\u00f2nic, us facilitem la informaci\u00f3 relativa al titular de la present p\u00e0gina web http:\/\/golfterramar.com i les condicions d&#8217;\u00fas de la \u2013 Propietari: Club de Golf Terramar \u2013 NIF: G08328056 [&hellip;]<\/p>\n","protected":false},"author":2,"featured_media":0,"parent":0,"menu_order":0,"comment_status":"closed","ping_status":"closed","template":"","meta":{"_acf_changed":false,"footnotes":""},"class_list":["post-3385","page","type-page","status-publish","hentry"],"acf":[],"yoast_head":"<!-- This site is optimized with the Yoast SEO plugin v24.9 - https:\/\/yoast.com\/wordpress\/plugins\/seo\/ -->\n<title>Av\u00eds legal - Golf Terramar<\/title>\n<meta name=\"robots\" content=\"index, follow, max-snippet:-1, max-image-preview:large, max-video-preview:-1\" \/>\n<link rel=\"canonical\" href=\"https:\/\/golfterramar.com\/ca\/avis-legal\/\" \/>\n<meta property=\"og:locale\" content=\"ca_ES\" \/>\n<meta property=\"og:type\" content=\"article\" \/>\n<meta property=\"og:title\" content=\"Av\u00eds legal - Golf Terramar\" \/>\n<meta property=\"og:description\" content=\"De conformitat amb el que estableix l&#8217;article 10 de la Llei 34\/2002, d&#8217;11 de juliol, de serveis de la societat de la informaci\u00f3 i de comer\u00e7 electr\u00f2nic, us facilitem la informaci\u00f3 relativa al titular de la present p\u00e0gina web http:\/\/golfterramar.com i les condicions d&#8217;\u00fas de la \u2013 Propietari: Club de Golf Terramar \u2013 NIF: G08328056 [&hellip;]\" \/>\n<meta property=\"og:url\" content=\"https:\/\/golfterramar.com\/ca\/avis-legal\/\" \/>\n<meta property=\"og:site_name\" content=\"Golf Terramar\" \/>\n<meta property=\"article:modified_time\" content=\"2022-04-07T13:21:06+00:00\" \/>\n<meta name=\"twitter:card\" content=\"summary_large_image\" \/>\n<meta name=\"twitter:label1\" content=\"Temps estimat de lectura\" \/>\n\t<meta name=\"twitter:data1\" content=\"5 minuts\" \/>\n<script type=\"application\/ld+json\" class=\"yoast-schema-graph\">{\"@context\":\"https:\/\/schema.org\",\"@graph\":[{\"@type\":\"WebPage\",\"@id\":\"https:\/\/golfterramar.com\/ca\/avis-legal\/\",\"url\":\"https:\/\/golfterramar.com\/ca\/avis-legal\/\",\"name\":\"Av\u00eds legal - Golf Terramar\",\"isPartOf\":{\"@id\":\"https:\/\/golfterramar.com\/ca\/#website\"},\"datePublished\":\"2022-01-31T13:39:29+00:00\",\"dateModified\":\"2022-04-07T13:21:06+00:00\",\"breadcrumb\":{\"@id\":\"https:\/\/golfterramar.com\/ca\/avis-legal\/#breadcrumb\"},\"inLanguage\":\"ca\",\"potentialAction\":[{\"@type\":\"ReadAction\",\"target\":[\"https:\/\/golfterramar.com\/ca\/avis-legal\/\"]}]},{\"@type\":\"BreadcrumbList\",\"@id\":\"https:\/\/golfterramar.com\/ca\/avis-legal\/#breadcrumb\",\"itemListElement\":[{\"@type\":\"ListItem\",\"position\":1,\"name\":\"Portada\",\"item\":\"https:\/\/golfterramar.com\/ca\/\"},{\"@type\":\"ListItem\",\"position\":2,\"name\":\"Av\u00eds legal\"}]},{\"@type\":\"WebSite\",\"@id\":\"https:\/\/golfterramar.com\/ca\/#website\",\"url\":\"https:\/\/golfterramar.com\/ca\/\",\"name\":\"Golf Terramar\",\"description\":\"\",\"potentialAction\":[{\"@type\":\"SearchAction\",\"target\":{\"@type\":\"EntryPoint\",\"urlTemplate\":\"https:\/\/golfterramar.com\/ca\/?s={search_term_string}\"},\"query-input\":{\"@type\":\"PropertyValueSpecification\",\"valueRequired\":true,\"valueName\":\"search_term_string\"}}],\"inLanguage\":\"ca\"}]}<\/script>\n<!-- \/ Yoast SEO plugin. -->","yoast_head_json":{"title":"Av\u00eds legal - Golf Terramar","robots":{"index":"index","follow":"follow","max-snippet":"max-snippet:-1","max-image-preview":"max-image-preview:large","max-video-preview":"max-video-preview:-1"},"canonical":"https:\/\/golfterramar.com\/ca\/avis-legal\/","og_locale":"ca_ES","og_type":"article","og_title":"Av\u00eds legal - Golf Terramar","og_description":"De conformitat amb el que estableix l&#8217;article 10 de la Llei 34\/2002, d&#8217;11 de juliol, de serveis de la societat de la informaci\u00f3 i de comer\u00e7 electr\u00f2nic, us facilitem la informaci\u00f3 relativa al titular de la present p\u00e0gina web http:\/\/golfterramar.com i les condicions d&#8217;\u00fas de la \u2013 Propietari: Club de Golf Terramar \u2013 NIF: G08328056 [&hellip;]","og_url":"https:\/\/golfterramar.com\/ca\/avis-legal\/","og_site_name":"Golf Terramar","article_modified_time":"2022-04-07T13:21:06+00:00","twitter_card":"summary_large_image","twitter_misc":{"Temps estimat de lectura":"5 minuts"},"schema":{"@context":"https:\/\/schema.org","@graph":[{"@type":"WebPage","@id":"https:\/\/golfterramar.com\/ca\/avis-legal\/","url":"https:\/\/golfterramar.com\/ca\/avis-legal\/","name":"Av\u00eds legal - Golf Terramar","isPartOf":{"@id":"https:\/\/golfterramar.com\/ca\/#website"},"datePublished":"2022-01-31T13:39:29+00:00","dateModified":"2022-04-07T13:21:06+00:00","breadcrumb":{"@id":"https:\/\/golfterramar.com\/ca\/avis-legal\/#breadcrumb"},"inLanguage":"ca","potentialAction":[{"@type":"ReadAction","target":["https:\/\/golfterramar.com\/ca\/avis-legal\/"]}]},{"@type":"BreadcrumbList","@id":"https:\/\/golfterramar.com\/ca\/avis-legal\/#breadcrumb","itemListElement":[{"@type":"ListItem","position":1,"name":"Portada","item":"https:\/\/golfterramar.com\/ca\/"},{"@type":"ListItem","position":2,"name":"Av\u00eds legal"}]},{"@type":"WebSite","@id":"https:\/\/golfterramar.com\/ca\/#website","url":"https:\/\/golfterramar.com\/ca\/","name":"Golf Terramar","description":"","potentialAction":[{"@type":"SearchAction","target":{"@type":"EntryPoint","urlTemplate":"https:\/\/golfterramar.com\/ca\/?s={search_term_string}"},"query-input":{"@type":"PropertyValueSpecification","valueRequired":true,"valueName":"search_term_string"}}],"inLanguage":"ca"}]}},"_links":{"self":[{"href":"https:\/\/golfterramar.com\/ca\/wp-json\/wp\/v2\/pages\/3385","targetHints":{"allow":["GET"]}}],"collection":[{"href":"https:\/\/golfterramar.com\/ca\/wp-json\/wp\/v2\/pages"}],"about":[{"href":"https:\/\/golfterramar.com\/ca\/wp-json\/wp\/v2\/types\/page"}],"author":[{"embeddable":true,"href":"https:\/\/golfterramar.com\/ca\/wp-json\/wp\/v2\/users\/2"}],"replies":[{"embeddable":true,"href":"https:\/\/golfterramar.com\/ca\/wp-json\/wp\/v2\/comments?post=3385"}],"version-history":[{"count":1,"href":"https:\/\/golfterramar.com\/ca\/wp-json\/wp\/v2\/pages\/3385\/revisions"}],"predecessor-version":[{"id":3391,"href":"https:\/\/golfterramar.com\/ca\/wp-json\/wp\/v2\/pages\/3385\/revisions\/3391"}],"wp:attachment":[{"href":"https:\/\/golfterramar.com\/ca\/wp-json\/wp\/v2\/media?parent=3385"}],"curies":[{"name":"wp","href":"https:\/\/api.w.org\/{rel}","templated":true}]}}