{"id":3367,"date":"2022-01-31T14:39:18","date_gmt":"2022-01-31T13:39:18","guid":{"rendered":"https:\/\/golfterramar.com\/cookies\/"},"modified":"2022-01-31T14:39:18","modified_gmt":"2022-01-31T13:39:18","slug":"cookies","status":"publish","type":"page","link":"https:\/\/golfterramar.com\/en\/cookies\/","title":{"rendered":"Cookies"},"content":{"rendered":"<p><strong>POL\u00cdTICA DE COOKIES<\/strong><\/p>\n<p>La presente pol\u00edtica de cookies tiene por finalidad informarle sobre las cookies que se utilizan en la p\u00e1gina web\u00a0<a href=\"https:\/\/www.golfterramar.com\/\">https:\/\/www.golfterramar.com<\/a>\u00a0(en adelante \u201cel sitio web\u201d o \u201cla web\u201d).<\/p>\n<p><strong>\u00bfQu\u00e9 son las cookies?<\/strong><\/p>\n<p>Una cookie es un fichero que se descarga en su ordenador al acceder a determinadas p\u00e1ginas web.<\/p>\n<p>Las cookies permiten a una p\u00e1gina web, entre otras cosas, almacenar y recuperar informaci\u00f3n sobre los h\u00e1bitos de navegaci\u00f3n de un usuario y, dependiendo de la informaci\u00f3n que contengan y de la forma en que utilice el equipo, pueden utilizarse para reconocer al usuario.<\/p>\n<p>Seg\u00fan quien sea la entidad que gestione el dominio desde donde se env\u00edan las cookies y trate los datos que se obtengan se pueden distinguir dos tipos:\u00a0<strong>cookies propias y cookies de terceros<\/strong>.<\/p>\n<p>Existe tambi\u00e9n una segunda clasificaci\u00f3n seg\u00fan el plazo de tiempo que permanecen almacenadas en el navegador del cliente, pudiendo tratarse de\u00a0<strong>cookies de sesi\u00f3n o cookies persistentes.<\/strong><\/p>\n<p>Por \u00faltimo, existe otra clasificaci\u00f3n con cinco tipos de cookies seg\u00fan la finalidad para la que se traten los datos obtenidos:\u00a0<strong>cookies t\u00e9cnicas, cookies de personalizaci\u00f3n, cookies de an\u00e1lisis, cookies publicitarias y cookies de publicidad comportamental.<\/strong><\/p>\n<p>Para m\u00e1s informaci\u00f3n a este respecto, puede consultar la\u00a0<a href=\"http:\/\/www.agpd.es\/portalwebAGPD\/canaldocumentacion\/publicaciones\/common\/Guias\/Guia_Cookies.pdf\">Gu\u00eda sobre el uso de las cookies de la Agencia Espa\u00f1ola de Protecci\u00f3n de Datos<\/a>:<\/p>\n<p><a href=\"http:\/\/www.agpd.es\/portalwebAGPD\/canaldocumentacion\/cookies\/index-ides-idphp.php\">http:\/\/www.agpd.es\/portalwebAGPD\/canaldocumentacion\/cookies\/index-ides-idphp.php<\/a>.<\/p>\n<p>&nbsp;<\/p>\n<p><strong>\u00bfQu\u00e9 tipo de cookies utiliza esta p\u00e1gina web?<\/strong><\/p>\n<p>La presente p\u00e1gina web utiliza Facebook Connect y Facebook Social Pluggins (cookies sociales de terceros), un servicio de titularidad de Facebook, Inc. cuya funci\u00f3n es controlar la interacci\u00f3n con los widgets sociales dentro de nuestra p\u00e1gina web.<\/p>\n<p>Puede ampliar esta informaci\u00f3n sobre el uso de cookies en Facebook en la siguiente direcci\u00f3n:<\/p>\n<p>&nbsp;<\/p>\n<p><a href=\"https:\/\/www.facebook.com\/full_data_use_policy\">https:\/\/www.facebook.com\/full_data_use_policy<\/a><\/p>\n<p>&nbsp;<\/p>\n<p>Tambi\u00e9n utilizamos los servicios de AddThis con el objetivo de facilitar al usuario la posibilidad de compartir f\u00e1cilmente el contenido de este sitio web en diferentes redes sociales. AddThis utiliza cookies para recoger informaci\u00f3n sobre el contenido que comparte, cuando y como. Addthis no recopila informaci\u00f3n personal, a menos que se le proporcione expl\u00edcitamente. Le asigna un identificador \u00fanico, compuesto por n\u00fameros y letras de forma aleatoria, que se utiliza para distinguir usuarios entre s\u00ed.<\/p>\n<p>Puede consultar toda la informaci\u00f3n completa en:\u00a0<a href=\"http:\/\/www.addthis.com\/privacy\">http:\/\/www.addthis.com\/privacy<\/a><\/p>\n<p><strong>Aceptaci\u00f3n de la Pol\u00edtica de Cookies<\/strong><\/p>\n<p>Con el objeto de mantenerle permanentemente informado y recordarle el uso de cookies, se le mostrar\u00e1 informaci\u00f3n sobre nuestra Pol\u00edtica de Cookies cada vez que inicie sesi\u00f3n y acceda a la web.<\/p>\n<p>Ante esta informaci\u00f3n es posible llevar a cabo las siguientes acciones:<\/p>\n<p>&#x25aa;\u00a0\u00a0\u00a0\u00a0\u00a0\u00a0\u00a0\u00a0\u00a0\u00a0\u00a0<strong>Aceptar las cookies.<\/strong>\u00a0Para aceptar la colocaci\u00f3n de las Cookies.<\/p>\n<p><strong>&#x25aa;\u00a0\u00a0\u00a0\u00a0\u00a0\u00a0\u00a0\u00a0\u00a0\u00a0Rechazar las cookies.\u00a0<\/strong>Para lo cual podr\u00e1 modificar la configuraci\u00f3n de su navegador.<\/p>\n<p>&nbsp;<\/p>\n<p><strong>\u00bfC\u00f3mo bloquear o eliminar las cookies?<\/strong><\/p>\n<p>Puede usted permitir, bloquear o eliminar las cookies instaladas en su equipo mediante la configuraci\u00f3n de las opciones del navegador instalado en su ordenador. En cada navegador la operativa es diferente, la funci\u00f3n de \u2018Ayuda\u201d le mostrar\u00e1 c\u00f3mo hacerlo.<\/p>\n<p>&#x25aa;\u00a0\u00a0\u00a0\u00a0\u00a0\u00a0\u00a0\u00a0\u00a0\u00a0\u00a0<strong>Internet Explorer:\u00a0<\/strong><a href=\"http:\/\/windows.microsoft.com\/es-xl\/internet-explorer\/delete-manage-cookies#ie=ie-10\">windows.microsoft.com\/es-xl\/internet-explorer\/delete-manage-cookies#ie=\u201die-10\u2033<\/a><\/p>\n<p>&#x25aa;\u00a0\u00a0\u00a0\u00a0\u00a0\u00a0\u00a0\u00a0\u00a0\u00a0\u00a0<strong>FireFox:\u00a0<\/strong><a href=\"https:\/\/support.mozilla.org\/es\/kb\/Borrar%20cookies\">support.mozilla.org\/es\/kb\/Borrar%20cookies<\/a><\/p>\n<p>&#x25aa;\u00a0\u00a0\u00a0\u00a0\u00a0\u00a0\u00a0\u00a0\u00a0\u00a0\u00a0<strong>Chrome:\u00a0<\/strong><a href=\"https:\/\/support.google.com\/chrome\/answer\/95647?hl=es\">support.google.com\/chrome\/answer\/95647?hl=\u201des\u201d<\/a><\/p>\n<p>&#x25aa;\u00a0\u00a0\u00a0\u00a0\u00a0\u00a0\u00a0\u00a0\u00a0\u00a0\u00a0<strong>Safari:\u00a0<\/strong><a href=\"http:\/\/www.apple.com\/es\/privacy\/use-of-cookies\/\">www.apple.com\/es\/privacy\/use-of-cookies\/<\/a><\/p>\n<p>&nbsp;<\/p>\n<p>Adem\u00e1s, tambi\u00e9n puede gestionar el almac\u00e9n de cookies en su navegador a trav\u00e9s de herramientas como las siguientes:<\/p>\n<ul>\n<li>Ghostery:\u00a0<a href=\"http:\/\/www.ghostery.com\/\">www.ghostery.com\/<\/a><\/li>\n<li>Your online choices:\u00a0<a href=\"http:\/\/www.youronlinechoices.com\/es\/\">www.youronlinechoices.com\/es\/<\/a><\/li>\n<\/ul>\n","protected":false},"excerpt":{"rendered":"<p>POL\u00cdTICA DE COOKIES La presente pol\u00edtica de cookies tiene por finalidad informarle sobre las cookies que se utilizan en la p\u00e1gina web\u00a0https:\/\/www.golfterramar.com\u00a0(en adelante \u201cel sitio web\u201d o \u201cla web\u201d). \u00bfQu\u00e9 son las cookies? Una cookie es un fichero que se descarga en su ordenador al acceder a determinadas p\u00e1ginas web. Las cookies permiten a una [&hellip;]<\/p>\n","protected":false},"author":2,"featured_media":0,"parent":0,"menu_order":0,"comment_status":"closed","ping_status":"closed","template":"","meta":{"_acf_changed":false,"footnotes":""},"class_list":["post-3367","page","type-page","status-publish","hentry"],"acf":[],"yoast_head":"<!-- This site is optimized with the Yoast SEO plugin v24.9 - https:\/\/yoast.com\/wordpress\/plugins\/seo\/ -->\n<title>Cookies - Golf Terramar<\/title>\n<meta name=\"robots\" content=\"index, follow, max-snippet:-1, max-image-preview:large, max-video-preview:-1\" \/>\n<link rel=\"canonical\" href=\"https:\/\/golfterramar.com\/en\/cookies\/\" \/>\n<meta property=\"og:locale\" content=\"en_US\" \/>\n<meta property=\"og:type\" content=\"article\" \/>\n<meta property=\"og:title\" content=\"Cookies - Golf Terramar\" \/>\n<meta property=\"og:description\" content=\"POL\u00cdTICA DE COOKIES La presente pol\u00edtica de cookies tiene por finalidad informarle sobre las cookies que se utilizan en la p\u00e1gina web\u00a0https:\/\/www.golfterramar.com\u00a0(en adelante \u201cel sitio web\u201d o \u201cla web\u201d). \u00bfQu\u00e9 son las cookies? Una cookie es un fichero que se descarga en su ordenador al acceder a determinadas p\u00e1ginas web. Las cookies permiten a una [&hellip;]\" \/>\n<meta property=\"og:url\" content=\"https:\/\/golfterramar.com\/en\/cookies\/\" \/>\n<meta property=\"og:site_name\" content=\"Golf Terramar\" \/>\n<meta name=\"twitter:card\" content=\"summary_large_image\" \/>\n<meta name=\"twitter:label1\" content=\"Est. reading time\" \/>\n\t<meta name=\"twitter:data1\" content=\"3 minutes\" \/>\n<script type=\"application\/ld+json\" class=\"yoast-schema-graph\">{\"@context\":\"https:\/\/schema.org\",\"@graph\":[{\"@type\":\"WebPage\",\"@id\":\"https:\/\/golfterramar.com\/en\/cookies\/\",\"url\":\"https:\/\/golfterramar.com\/en\/cookies\/\",\"name\":\"Cookies - Golf Terramar\",\"isPartOf\":{\"@id\":\"https:\/\/golfterramar.com\/en\/#website\"},\"datePublished\":\"2022-01-31T13:39:18+00:00\",\"breadcrumb\":{\"@id\":\"https:\/\/golfterramar.com\/en\/cookies\/#breadcrumb\"},\"inLanguage\":\"en-US\",\"potentialAction\":[{\"@type\":\"ReadAction\",\"target\":[\"https:\/\/golfterramar.com\/en\/cookies\/\"]}]},{\"@type\":\"BreadcrumbList\",\"@id\":\"https:\/\/golfterramar.com\/en\/cookies\/#breadcrumb\",\"itemListElement\":[{\"@type\":\"ListItem\",\"position\":1,\"name\":\"Portada\",\"item\":\"https:\/\/golfterramar.com\/en\/\"},{\"@type\":\"ListItem\",\"position\":2,\"name\":\"Cookies\"}]},{\"@type\":\"WebSite\",\"@id\":\"https:\/\/golfterramar.com\/en\/#website\",\"url\":\"https:\/\/golfterramar.com\/en\/\",\"name\":\"Golf Terramar\",\"description\":\"\",\"potentialAction\":[{\"@type\":\"SearchAction\",\"target\":{\"@type\":\"EntryPoint\",\"urlTemplate\":\"https:\/\/golfterramar.com\/en\/?s={search_term_string}\"},\"query-input\":{\"@type\":\"PropertyValueSpecification\",\"valueRequired\":true,\"valueName\":\"search_term_string\"}}],\"inLanguage\":\"en-US\"}]}<\/script>\n<!-- \/ Yoast SEO plugin. -->","yoast_head_json":{"title":"Cookies - Golf Terramar","robots":{"index":"index","follow":"follow","max-snippet":"max-snippet:-1","max-image-preview":"max-image-preview:large","max-video-preview":"max-video-preview:-1"},"canonical":"https:\/\/golfterramar.com\/en\/cookies\/","og_locale":"en_US","og_type":"article","og_title":"Cookies - Golf Terramar","og_description":"POL\u00cdTICA DE COOKIES La presente pol\u00edtica de cookies tiene por finalidad informarle sobre las cookies que se utilizan en la p\u00e1gina web\u00a0https:\/\/www.golfterramar.com\u00a0(en adelante \u201cel sitio web\u201d o \u201cla web\u201d). \u00bfQu\u00e9 son las cookies? Una cookie es un fichero que se descarga en su ordenador al acceder a determinadas p\u00e1ginas web. Las cookies permiten a una [&hellip;]","og_url":"https:\/\/golfterramar.com\/en\/cookies\/","og_site_name":"Golf Terramar","twitter_card":"summary_large_image","twitter_misc":{"Est. reading time":"3 minutes"},"schema":{"@context":"https:\/\/schema.org","@graph":[{"@type":"WebPage","@id":"https:\/\/golfterramar.com\/en\/cookies\/","url":"https:\/\/golfterramar.com\/en\/cookies\/","name":"Cookies - Golf Terramar","isPartOf":{"@id":"https:\/\/golfterramar.com\/en\/#website"},"datePublished":"2022-01-31T13:39:18+00:00","breadcrumb":{"@id":"https:\/\/golfterramar.com\/en\/cookies\/#breadcrumb"},"inLanguage":"en-US","potentialAction":[{"@type":"ReadAction","target":["https:\/\/golfterramar.com\/en\/cookies\/"]}]},{"@type":"BreadcrumbList","@id":"https:\/\/golfterramar.com\/en\/cookies\/#breadcrumb","itemListElement":[{"@type":"ListItem","position":1,"name":"Portada","item":"https:\/\/golfterramar.com\/en\/"},{"@type":"ListItem","position":2,"name":"Cookies"}]},{"@type":"WebSite","@id":"https:\/\/golfterramar.com\/en\/#website","url":"https:\/\/golfterramar.com\/en\/","name":"Golf Terramar","description":"","potentialAction":[{"@type":"SearchAction","target":{"@type":"EntryPoint","urlTemplate":"https:\/\/golfterramar.com\/en\/?s={search_term_string}"},"query-input":{"@type":"PropertyValueSpecification","valueRequired":true,"valueName":"search_term_string"}}],"inLanguage":"en-US"}]}},"_links":{"self":[{"href":"https:\/\/golfterramar.com\/en\/wp-json\/wp\/v2\/pages\/3367","targetHints":{"allow":["GET"]}}],"collection":[{"href":"https:\/\/golfterramar.com\/en\/wp-json\/wp\/v2\/pages"}],"about":[{"href":"https:\/\/golfterramar.com\/en\/wp-json\/wp\/v2\/types\/page"}],"author":[{"embeddable":true,"href":"https:\/\/golfterramar.com\/en\/wp-json\/wp\/v2\/users\/2"}],"replies":[{"embeddable":true,"href":"https:\/\/golfterramar.com\/en\/wp-json\/wp\/v2\/comments?post=3367"}],"version-history":[{"count":0,"href":"https:\/\/golfterramar.com\/en\/wp-json\/wp\/v2\/pages\/3367\/revisions"}],"wp:attachment":[{"href":"https:\/\/golfterramar.com\/en\/wp-json\/wp\/v2\/media?parent=3367"}],"curies":[{"name":"wp","href":"https:\/\/api.w.org\/{rel}","templated":true}]}}